{"id":2310,"date":"2021-06-07T09:40:03","date_gmt":"2021-06-07T13:40:03","guid":{"rendered":"https:\/\/mtdomr.mywhc.ca\/gallery\/"},"modified":"2024-02-13T15:36:28","modified_gmt":"2024-02-13T20:36:28","slug":"galerie","status":"publish","type":"page","link":"https:\/\/nationalcapitaldistrictenergy.ca\/fr\/galerie\/","title":{"rendered":"Galerie"},"content":{"rendered":"","protected":false},"excerpt":{"rendered":"","protected":false},"author":12,"featured_media":2110,"parent":0,"menu_order":0,"comment_status":"closed","ping_status":"closed","template":"","meta":{"_acf_changed":false,"_crdt_document":"","footnotes":""},"class_list":["post-2310","page","type-page","status-publish","has-post-thumbnail","hentry"],"acf":[],"yoast_head":"<!-- This site is optimized with the Yoast SEO plugin v27.4 - https:\/\/yoast.com\/product\/yoast-seo-wordpress\/ -->\n<title>The ESAP project through images and videos<\/title>\n<meta name=\"description\" content=\"Visit this page regularly for updates and to see for yourself how the project is progressing.\" \/>\n<meta name=\"robots\" content=\"index, follow, max-snippet:-1, max-image-preview:large, max-video-preview:-1\" \/>\n<link rel=\"canonical\" href=\"https:\/\/nationalcapitaldistrictenergy.ca\/fr\/galerie\/\" \/>\n<meta property=\"og:locale\" content=\"fr_FR\" \/>\n<meta property=\"og:type\" content=\"article\" \/>\n<meta property=\"og:title\" content=\"The ESAP project through images and videos\" \/>\n<meta property=\"og:description\" content=\"Visit this page regularly for updates and to see for yourself how the project is progressing.\" \/>\n<meta property=\"og:url\" content=\"https:\/\/nationalcapitaldistrictenergy.ca\/fr\/galerie\/\" \/>\n<meta property=\"og:site_name\" content=\"Innovate Energy\" \/>\n<meta property=\"article:modified_time\" content=\"2024-02-13T20:36:28+00:00\" \/>\n<meta property=\"og:image\" content=\"https:\/\/nationalcapitaldistrictenergy.ca\/wp-content\/uploads\/2023\/12\/TUp-CHCP-Final-c02-NE-Plant-window--scaled.jpg\" \/>\n\t<meta property=\"og:image:width\" content=\"2560\" \/>\n\t<meta property=\"og:image:height\" content=\"1062\" \/>\n\t<meta property=\"og:image:type\" content=\"image\/jpeg\" \/>\n<meta name=\"twitter:card\" content=\"summary_large_image\" \/>\n<meta name=\"twitter:site\" content=\"@DES_REQ\" \/>\n<meta name=\"twitter:label1\" content=\"Dur\u00e9e de lecture estim\u00e9e\" \/>\n\t<meta name=\"twitter:data1\" content=\"2 minutes\" \/>\n<script type=\"application\/ld+json\" class=\"yoast-schema-graph\">{\"@context\":\"https:\\\/\\\/schema.org\",\"@graph\":[{\"@type\":\"WebPage\",\"@id\":\"https:\\\/\\\/nationalcapitaldistrictenergy.ca\\\/fr\\\/galerie\\\/\",\"url\":\"https:\\\/\\\/nationalcapitaldistrictenergy.ca\\\/fr\\\/galerie\\\/\",\"name\":\"The ESAP project through images and videos\",\"isPartOf\":{\"@id\":\"https:\\\/\\\/nationalcapitaldistrictenergy.ca\\\/fr\\\/#website\"},\"primaryImageOfPage\":{\"@id\":\"https:\\\/\\\/nationalcapitaldistrictenergy.ca\\\/fr\\\/galerie\\\/#primaryimage\"},\"image\":{\"@id\":\"https:\\\/\\\/nationalcapitaldistrictenergy.ca\\\/fr\\\/galerie\\\/#primaryimage\"},\"thumbnailUrl\":\"https:\\\/\\\/nationalcapitaldistrictenergy.ca\\\/wp-content\\\/uploads\\\/2023\\\/12\\\/TUp-CHCP-Final-c02-NE-Plant-window--scaled.jpg\",\"datePublished\":\"2021-06-07T13:40:03+00:00\",\"dateModified\":\"2024-02-13T20:36:28+00:00\",\"description\":\"Visit this page regularly for updates and to see for yourself how the project is progressing.\",\"breadcrumb\":{\"@id\":\"https:\\\/\\\/nationalcapitaldistrictenergy.ca\\\/fr\\\/galerie\\\/#breadcrumb\"},\"inLanguage\":\"fr-FR\",\"potentialAction\":[{\"@type\":\"ReadAction\",\"target\":[\"https:\\\/\\\/nationalcapitaldistrictenergy.ca\\\/fr\\\/galerie\\\/\"]}]},{\"@type\":\"ImageObject\",\"inLanguage\":\"fr-FR\",\"@id\":\"https:\\\/\\\/nationalcapitaldistrictenergy.ca\\\/fr\\\/galerie\\\/#primaryimage\",\"url\":\"https:\\\/\\\/nationalcapitaldistrictenergy.ca\\\/wp-content\\\/uploads\\\/2023\\\/12\\\/TUp-CHCP-Final-c02-NE-Plant-window--scaled.jpg\",\"contentUrl\":\"https:\\\/\\\/nationalcapitaldistrictenergy.ca\\\/wp-content\\\/uploads\\\/2023\\\/12\\\/TUp-CHCP-Final-c02-NE-Plant-window--scaled.jpg\",\"width\":2560,\"height\":1062,\"caption\":\"Centre \u00e9nerg\u00e9tique du pr\u00e9 Tunney - Rendu\"},{\"@type\":\"BreadcrumbList\",\"@id\":\"https:\\\/\\\/nationalcapitaldistrictenergy.ca\\\/fr\\\/galerie\\\/#breadcrumb\",\"itemListElement\":[{\"@type\":\"ListItem\",\"position\":1,\"name\":\"Accueil\",\"item\":\"https:\\\/\\\/nationalcapitaldistrictenergy.ca\\\/fr\\\/\"},{\"@type\":\"ListItem\",\"position\":2,\"name\":\"Galerie\"}]},{\"@type\":\"WebSite\",\"@id\":\"https:\\\/\\\/nationalcapitaldistrictenergy.ca\\\/fr\\\/#website\",\"url\":\"https:\\\/\\\/nationalcapitaldistrictenergy.ca\\\/fr\\\/\",\"name\":\"Innovate Energy\",\"description\":\"\",\"publisher\":{\"@id\":\"https:\\\/\\\/nationalcapitaldistrictenergy.ca\\\/fr\\\/#organization\"},\"potentialAction\":[{\"@type\":\"SearchAction\",\"target\":{\"@type\":\"EntryPoint\",\"urlTemplate\":\"https:\\\/\\\/nationalcapitaldistrictenergy.ca\\\/fr\\\/?s={search_term_string}\"},\"query-input\":{\"@type\":\"PropertyValueSpecification\",\"valueRequired\":true,\"valueName\":\"search_term_string\"}}],\"inLanguage\":\"fr-FR\"},{\"@type\":\"Organization\",\"@id\":\"https:\\\/\\\/nationalcapitaldistrictenergy.ca\\\/fr\\\/#organization\",\"name\":\"Innovate Energy\",\"url\":\"https:\\\/\\\/nationalcapitaldistrictenergy.ca\\\/fr\\\/\",\"logo\":{\"@type\":\"ImageObject\",\"inLanguage\":\"fr-FR\",\"@id\":\"https:\\\/\\\/nationalcapitaldistrictenergy.ca\\\/fr\\\/#\\\/schema\\\/logo\\\/image\\\/\",\"url\":\"https:\\\/\\\/mtdomr.mywhc.ca\\\/wp-content\\\/uploads\\\/2019\\\/07\\\/logotype-innovate-energy.png\",\"contentUrl\":\"https:\\\/\\\/mtdomr.mywhc.ca\\\/wp-content\\\/uploads\\\/2019\\\/07\\\/logotype-innovate-energy.png\",\"width\":504,\"height\":150,\"caption\":\"Innovate Energy\"},\"image\":{\"@id\":\"https:\\\/\\\/nationalcapitaldistrictenergy.ca\\\/fr\\\/#\\\/schema\\\/logo\\\/image\\\/\"},\"sameAs\":[\"https:\\\/\\\/x.com\\\/DES_REQ\",\"https:\\\/\\\/www.linkedin.com\\\/in\\\/ncrdes-rcnreq\\\/\"]}]}<\/script>\n<!-- \/ Yoast SEO plugin. -->","yoast_head_json":{"title":"The ESAP project through images and videos","description":"Visit this page regularly for updates and to see for yourself how the project is progressing.","robots":{"index":"index","follow":"follow","max-snippet":"max-snippet:-1","max-image-preview":"max-image-preview:large","max-video-preview":"max-video-preview:-1"},"canonical":"https:\/\/nationalcapitaldistrictenergy.ca\/fr\/galerie\/","og_locale":"fr_FR","og_type":"article","og_title":"The ESAP project through images and videos","og_description":"Visit this page regularly for updates and to see for yourself how the project is progressing.","og_url":"https:\/\/nationalcapitaldistrictenergy.ca\/fr\/galerie\/","og_site_name":"Innovate Energy","article_modified_time":"2024-02-13T20:36:28+00:00","og_image":[{"width":2560,"height":1062,"url":"https:\/\/nationalcapitaldistrictenergy.ca\/wp-content\/uploads\/2023\/12\/TUp-CHCP-Final-c02-NE-Plant-window--scaled.jpg","type":"image\/jpeg"}],"twitter_card":"summary_large_image","twitter_site":"@DES_REQ","twitter_misc":{"Dur\u00e9e de lecture estim\u00e9e":"2 minutes"},"schema":{"@context":"https:\/\/schema.org","@graph":[{"@type":"WebPage","@id":"https:\/\/nationalcapitaldistrictenergy.ca\/fr\/galerie\/","url":"https:\/\/nationalcapitaldistrictenergy.ca\/fr\/galerie\/","name":"The ESAP project through images and videos","isPartOf":{"@id":"https:\/\/nationalcapitaldistrictenergy.ca\/fr\/#website"},"primaryImageOfPage":{"@id":"https:\/\/nationalcapitaldistrictenergy.ca\/fr\/galerie\/#primaryimage"},"image":{"@id":"https:\/\/nationalcapitaldistrictenergy.ca\/fr\/galerie\/#primaryimage"},"thumbnailUrl":"https:\/\/nationalcapitaldistrictenergy.ca\/wp-content\/uploads\/2023\/12\/TUp-CHCP-Final-c02-NE-Plant-window--scaled.jpg","datePublished":"2021-06-07T13:40:03+00:00","dateModified":"2024-02-13T20:36:28+00:00","description":"Visit this page regularly for updates and to see for yourself how the project is progressing.","breadcrumb":{"@id":"https:\/\/nationalcapitaldistrictenergy.ca\/fr\/galerie\/#breadcrumb"},"inLanguage":"fr-FR","potentialAction":[{"@type":"ReadAction","target":["https:\/\/nationalcapitaldistrictenergy.ca\/fr\/galerie\/"]}]},{"@type":"ImageObject","inLanguage":"fr-FR","@id":"https:\/\/nationalcapitaldistrictenergy.ca\/fr\/galerie\/#primaryimage","url":"https:\/\/nationalcapitaldistrictenergy.ca\/wp-content\/uploads\/2023\/12\/TUp-CHCP-Final-c02-NE-Plant-window--scaled.jpg","contentUrl":"https:\/\/nationalcapitaldistrictenergy.ca\/wp-content\/uploads\/2023\/12\/TUp-CHCP-Final-c02-NE-Plant-window--scaled.jpg","width":2560,"height":1062,"caption":"Centre \u00e9nerg\u00e9tique du pr\u00e9 Tunney - Rendu"},{"@type":"BreadcrumbList","@id":"https:\/\/nationalcapitaldistrictenergy.ca\/fr\/galerie\/#breadcrumb","itemListElement":[{"@type":"ListItem","position":1,"name":"Accueil","item":"https:\/\/nationalcapitaldistrictenergy.ca\/fr\/"},{"@type":"ListItem","position":2,"name":"Galerie"}]},{"@type":"WebSite","@id":"https:\/\/nationalcapitaldistrictenergy.ca\/fr\/#website","url":"https:\/\/nationalcapitaldistrictenergy.ca\/fr\/","name":"Innovate Energy","description":"","publisher":{"@id":"https:\/\/nationalcapitaldistrictenergy.ca\/fr\/#organization"},"potentialAction":[{"@type":"SearchAction","target":{"@type":"EntryPoint","urlTemplate":"https:\/\/nationalcapitaldistrictenergy.ca\/fr\/?s={search_term_string}"},"query-input":{"@type":"PropertyValueSpecification","valueRequired":true,"valueName":"search_term_string"}}],"inLanguage":"fr-FR"},{"@type":"Organization","@id":"https:\/\/nationalcapitaldistrictenergy.ca\/fr\/#organization","name":"Innovate Energy","url":"https:\/\/nationalcapitaldistrictenergy.ca\/fr\/","logo":{"@type":"ImageObject","inLanguage":"fr-FR","@id":"https:\/\/nationalcapitaldistrictenergy.ca\/fr\/#\/schema\/logo\/image\/","url":"https:\/\/mtdomr.mywhc.ca\/wp-content\/uploads\/2019\/07\/logotype-innovate-energy.png","contentUrl":"https:\/\/mtdomr.mywhc.ca\/wp-content\/uploads\/2019\/07\/logotype-innovate-energy.png","width":504,"height":150,"caption":"Innovate Energy"},"image":{"@id":"https:\/\/nationalcapitaldistrictenergy.ca\/fr\/#\/schema\/logo\/image\/"},"sameAs":["https:\/\/x.com\/DES_REQ","https:\/\/www.linkedin.com\/in\/ncrdes-rcnreq\/"]}]}},"_links":{"self":[{"href":"https:\/\/nationalcapitaldistrictenergy.ca\/fr\/wp-json\/wp\/v2\/pages\/2310","targetHints":{"allow":["GET"]}}],"collection":[{"href":"https:\/\/nationalcapitaldistrictenergy.ca\/fr\/wp-json\/wp\/v2\/pages"}],"about":[{"href":"https:\/\/nationalcapitaldistrictenergy.ca\/fr\/wp-json\/wp\/v2\/types\/page"}],"author":[{"embeddable":true,"href":"https:\/\/nationalcapitaldistrictenergy.ca\/fr\/wp-json\/wp\/v2\/users\/12"}],"replies":[{"embeddable":true,"href":"https:\/\/nationalcapitaldistrictenergy.ca\/fr\/wp-json\/wp\/v2\/comments?post=2310"}],"version-history":[{"count":1,"href":"https:\/\/nationalcapitaldistrictenergy.ca\/fr\/wp-json\/wp\/v2\/pages\/2310\/revisions"}],"predecessor-version":[{"id":2311,"href":"https:\/\/nationalcapitaldistrictenergy.ca\/fr\/wp-json\/wp\/v2\/pages\/2310\/revisions\/2311"}],"wp:featuredmedia":[{"embeddable":true,"href":"https:\/\/nationalcapitaldistrictenergy.ca\/fr\/wp-json\/wp\/v2\/media\/2110"}],"wp:attachment":[{"href":"https:\/\/nationalcapitaldistrictenergy.ca\/fr\/wp-json\/wp\/v2\/media?parent=2310"}],"curies":[{"name":"wp","href":"https:\/\/api.w.org\/{rel}","templated":true}]}}